{"id":571,"date":"2019-04-16T13:53:10","date_gmt":"2019-04-16T04:53:10","guid":{"rendered":"http:\/\/kbadhesives.com\/vie\/?page_id=571"},"modified":"2019-04-16T14:03:19","modified_gmt":"2019-04-16T05:03:19","slug":"bang-keo-dan","status":"publish","type":"page","link":"http:\/\/kbadhesives.com\/vie\/bang-keo-dan\/","title":{"rendered":"b\u0103ng keo d\u00e1n"},"content":{"rendered":"<p><!-- Document Start --><\/p>\n<p>s\u1ef1 \u0111\u1eb7c c\u00e1ch : 10-1865033<\/p>\n<p>KKAM l\u00e0 b\u0103ng d\u00ednh b\u1ea3o hi\u1ec3m cho n\u1ec1n t\u1ea3ng Backham m\u00ea \u0111\u01b0\u1ee3c ph\u1ee7 k\u00edn b\u1edfi ch\u1ea5t k\u1ebft d\u00ednh cao su t\u1ef1 nhi\u00ean v\u00e0 cao su t\u1ed5ng h\u1ee3p.<br \/>\nM\u1ed9t con d\u1ea5u th\u1eadt xu\u1ea5t s\u1eafc. D\u1ec5 s\u1eed d\u1ee5ng, d\u1ec5 lo\u1ea1i b\u1ecf, v\u00e0 v\u1eadt c\u00f2n l\u1ea1i th\u00ec \u00edt.\t\t\t\t\t\t\t\t\t\t<\/p>\n<p>&nbsp;<br \/>\n\n<style type=\"text\/css\" scoped=\"scoped\">\n\n<\/style>\n<style type=\"text\/css\">\n\n.type3{margin:0 !important;padding:0;list-style:none;}\n.type3:after{display:block;content:\"\";clear:both;}\n\t.type3 li{float:left;margin-right:2.333%;margin-bottom:20px;width:23%;box-sizing:border-box;}\n\t.type3 li:nth-child(4){margin-right:0;}\n\t\t.type3 li img{width:100%;height:auto;}\n\t\n\n@media screen and (max-width:600px){\n\t\t.type3 li{margin-right:4%;margin-bottom:20px;width:48%;}\t\n\t\t.type3 li:nth-child(even){margin-right:0;}\n}\n\n<\/style>\n<ul class=\"type3\">\n\t<li><img decoding=\"async\" src=\"\/wp-content\/uploads\/2019\/04\/GAFFER-TAPE.jpg\" alt=\"\uac8c\ud37c \ud14c\uc774\ud5041\"><\/li>\n   \t<li><img decoding=\"async\" src=\"\/wp-content\/uploads\/2019\/04\/GAFFER-TAPE2.jpg\" alt=\"\uac8c\ud37c \ud14c\uc774\ud5042\"><\/li>\n  \t<li><\/li>\n   \t<li><\/li>\n<\/ul>\n<script type=\"text\/javascript\">\n\n<\/script>\n\t<\/p>\n<p>&nbsp;<\/p>\n\n<style type=\"text\/css\" scoped=\"scoped\">\n\n<\/style>\n<style type=\"text\/css\">\n\n.cont_table_type1{\nmargin:0;\npadding:0;\nwidth:100%;\nborder-spacing:0;\nborder-top:2px solid #e38048;\n}\n.cont_table_type1 caption{\nheight:20px;\nfont-size:14px;\nfont-weight:bold;\ncolor:#666;\t\ntext-align:left;\nvisibility:visible;\nwidth:auto;\nline-height:auto;\n}\n.cont_table_type1 thead tr th{\nheight:58px;\npadding:10px;\nborder-bottom:1px solid #e9e9e9;\nbackground:#fdfdfd;\nfont-size:14px;\nvertical-align: top;\ncolor:#666;\nbox-sizing:border-box;\ntext-align:left;\nword-break:break-all;\n}\n.cont_table_type1 tbody tr td{\nheight:40px;\npadding:10px;\nborder-bottom:1px solid #e9e9e9;\nbackground:#fff;\nfont-size:14px;\ncolor:#666;\nbox-sizing:border-box;\ntext-align:left;\nword-break:break-all;\n}\n\n@media screen and (max-width:600px){\n\n.cont_table_type1 thead tr th{font-size:12px;}\n.cont_table_type1 tbody tr td{font-size:12px;}\n\n\n}\n\n<\/style>\n\n<table class=\"cont_table_type1\">\n  <caption><\/caption>\n\n  <thead>\n      <th><strong>s\u1ed1 m\u1ee5c<\/strong><\/th>\n      <th><strong>Jiwon.<\/strong><\/th>\n      <th><strong>\u0110\u1ebf-keo<\/strong><\/th>\n      <th><strong>\u0111\u1ed3ng b\u00e0o<\/strong><\/th>\n      <th><strong>d\u00ednh<\/strong><\/th>\n      <th><strong>k\u00e9o d\u00e0i<\/strong><\/th>\n      <th><strong>t\u00ean c\u01b0\u1edbp<br>c\u00f3 th\u1ec3<br\/>x\u00e2y d\u1ef1ng \u0111\u01b0\u1ee3c<\/strong><\/th>\n      <th><strong>N\u1eafm<br>gi\u1eef quy\u1ec1n<br>l\u1ef1c<\/strong><\/th>\n      <th><strong>ki\u1ec3m<br>phi\u1ebfu<\/strong><\/th>      \n  <\/thead>\n  <tbody>\n      <td >GAFFER 400<\/td>\n      <td>v\u1ea3i<\/td>\n      <td>cao su t\u1ef1 nhi&ecirc;n<\/td>\n      <td>0.3 (11.8mil)<\/td>\n      <td>1 (35oz\/inch)<\/td>\n      <td>6<\/td>\n      <td>25 (55lbs)<\/td>\n      <td>OVER 1 hour<\/td>\n      <td><a href=\"\/vie\/wp-content\/uploads\/sites\/3\/2019\/04\/Gaffer.pdf\"><img decoding=\"async\" src=\"\/wp-content\/uploads\/2015\/11\/down_icon.png\" alt=\"\ub2e4\uc6b4\"><\/a><\/td>\n  <\/tbody>\n  <tbody>\n        <td >GAFFER 400F<\/td>\n      <td>v\u1ea3i<\/td>\n      <td>cao su t\u1ef1 nhi&ecirc;n<\/td>\n      <td>0.3 (11.8mil)<\/td>\n      <td>1 (35oz\/inch)<\/td>\n      <td>6<\/td>\n      <td>25 (55lbs)<\/td>\n      <td>OVER 1 hour<\/td>\n      <td><a href=\"\/vie\/wp-content\/uploads\/sites\/3\/2019\/04\/Gaffer_400F.pdf\"><img decoding=\"async\" src=\"\/wp-content\/uploads\/2015\/11\/down_icon.png\" alt=\"\ub2e4\uc6b4\"><\/a><\/td>\n  <\/tbody>\n  <tbody>\n      <td >GAFFER 300<\/td>\n      <td>v\u1ea3i<\/td>\n      <td>keo l&agrave;m b\u1eb1ng cao su<\/td>\n      <td>0.27 (10.8mil)<\/td>\n      <td>1.5 (53oz\/inch)<\/td>\n      <td>6<\/td>\n      <td>25 (55lbs)<\/td>\n      <td>OVER 1 hour<\/td>\n      <td><a href=\"\/wp-content\/uploads\/tds\/KB_Gaffer_tape2.pdf\"><img decoding=\"async\" src=\"\/wp-content\/uploads\/2015\/11\/down_icon.png\" alt=\"\ub2e4\uc6b4\"><\/a><\/td>\n  <\/tbody>\n \n<\/table>\n<script type=\"text\/javascript\">\n\n<\/script>\n\n","protected":false},"excerpt":{"rendered":"<p>s\u1ef1 \u0111\u1eb7c c\u00e1ch : 10-1865033 KKAM l\u00e0 b\u0103ng d\u00ednh b\u1ea3o hi\u1ec3m cho n\u1ec1n t\u1ea3ng Backham m\u00ea \u0111\u01b0\u1ee3c ph\u1ee7 k\u00edn b\u1edfi ch\u1ea5t k\u1ebft d\u00ednh cao su t\u1ef1 nhi\u00ean v\u00e0 cao su t\u1ed5ng h\u1ee3p. M\u1ed9t con d\u1ea5u th\u1eadt xu\u1ea5t s\u1eafc. D\u1ec5 s\u1eed d\u1ee5ng, d\u1ec5 lo\u1ea1i b\u1ecf, v\u00e0 v\u1eadt c\u00f2n l\u1ea1i th\u00ec \u00edt. &nbsp; &nbsp;<\/p>\n","protected":false},"author":1,"featured_media":0,"parent":0,"menu_order":0,"comment_status":"closed","ping_status":"closed","template":"","meta":{"footnotes":""},"_links":{"self":[{"href":"http:\/\/kbadhesives.com\/vie\/wp-json\/wp\/v2\/pages\/571"}],"collection":[{"href":"http:\/\/kbadhesives.com\/vie\/wp-json\/wp\/v2\/pages"}],"about":[{"href":"http:\/\/kbadhesives.com\/vie\/wp-json\/wp\/v2\/types\/page"}],"author":[{"embeddable":true,"href":"http:\/\/kbadhesives.com\/vie\/wp-json\/wp\/v2\/users\/1"}],"replies":[{"embeddable":true,"href":"http:\/\/kbadhesives.com\/vie\/wp-json\/wp\/v2\/comments?post=571"}],"version-history":[{"count":3,"href":"http:\/\/kbadhesives.com\/vie\/wp-json\/wp\/v2\/pages\/571\/revisions"}],"predecessor-version":[{"id":575,"href":"http:\/\/kbadhesives.com\/vie\/wp-json\/wp\/v2\/pages\/571\/revisions\/575"}],"wp:attachment":[{"href":"http:\/\/kbadhesives.com\/vie\/wp-json\/wp\/v2\/media?parent=571"}],"curies":[{"name":"wp","href":"https:\/\/api.w.org\/{rel}","templated":true}]}}