{"id":441,"date":"2016-01-07T16:20:38","date_gmt":"2016-01-07T07:20:38","guid":{"rendered":"http:\/\/ecplaza11.bbsetheme.com\/jap\/?page_id=441"},"modified":"2016-01-07T16:20:38","modified_gmt":"2016-01-07T07:20:38","slug":"trung-tam-cham-soc-khach-hang","status":"publish","type":"page","link":"http:\/\/kbadhesives.com\/vie\/trung-tam-cham-soc-khach-hang\/","title":{"rendered":"D\u1ecbch v\u1ee5 ch\u0103m s\u00f3c kh\u00e1ch h\u00e0ng"},"content":{"rendered":"<p>[bbse_board bname=qna]<\/p>\n","protected":false},"excerpt":{"rendered":"<p>[bbse_board bname=qna]<\/p>\n","protected":false},"author":1,"featured_media":0,"parent":0,"menu_order":0,"comment_status":"closed","ping_status":"closed","template":"","meta":{"footnotes":""},"_links":{"self":[{"href":"http:\/\/kbadhesives.com\/vie\/wp-json\/wp\/v2\/pages\/441"}],"collection":[{"href":"http:\/\/kbadhesives.com\/vie\/wp-json\/wp\/v2\/pages"}],"about":[{"href":"http:\/\/kbadhesives.com\/vie\/wp-json\/wp\/v2\/types\/page"}],"author":[{"embeddable":true,"href":"http:\/\/kbadhesives.com\/vie\/wp-json\/wp\/v2\/users\/1"}],"replies":[{"embeddable":true,"href":"http:\/\/kbadhesives.com\/vie\/wp-json\/wp\/v2\/comments?post=441"}],"version-history":[{"count":0,"href":"http:\/\/kbadhesives.com\/vie\/wp-json\/wp\/v2\/pages\/441\/revisions"}],"wp:attachment":[{"href":"http:\/\/kbadhesives.com\/vie\/wp-json\/wp\/v2\/media?parent=441"}],"curies":[{"name":"wp","href":"https:\/\/api.w.org\/{rel}","templated":true}]}}