{"id":277,"date":"2015-12-14T15:33:40","date_gmt":"2015-12-14T06:33:40","guid":{"rendered":"http:\/\/ecplaza11.bbsetheme.com\/jap\/?page_id=277"},"modified":"2015-12-14T15:33:40","modified_gmt":"2015-12-14T06:33:40","slug":"bang-keo-khong-det","status":"publish","type":"page","link":"http:\/\/kbadhesives.com\/vie\/bang-keo-khong-det\/","title":{"rendered":"B\u0103ng keo kh\u00f4ng d\u1ec7t"},"content":{"rendered":"<p><!-- Document Start --><\/p>\n<p>Kh\u1ea3 n\u0103ng ph\u1ee5c h\u1ed3i, t\u00ednh n\u0103ng d\u00e1n k\u00edn, kh\u1ea3 n\u0103ng ch\u1ed1ng ch\u1ecbu t\u00e1c \u0111\u1ed9ng c\u1ee7a m\u00f4i tr\u01b0\u1eddng v\u01b0\u1ee3t tr\u1ed9i n\u00ean \u0111\u01b0\u1ee3c s\u1eed d\u1ee5ng ph\u1ed5 bi\u1ebfn nh\u1ea5t \u1edf c\u00e1c c\u00f4ng tr\u01b0\u1eddng c\u00f4ng nghi\u1ec7p<br \/>\n\n<style type=\"text\/css\" scoped=\"scoped\">\n\n<\/style>\n\ufeff<style type=\"text\/css\">\n\n.type3{margin:0 !important;padding:0;list-style:none;}\n.type3:after{display:block;content:\"\";clear:both;}\n\t.type3 li{float:left;margin-right:2.333%;margin-bottom:20px;width:23%;box-sizing:border-box;}\n\t.type3 li:nth-child(4){margin-right:0;}\n\t\t.type3 li img{width:100%;height:auto;}\n\t\n\n@media screen and (max-width:600px){\n\t\t.type3 li{margin-right:4%;margin-bottom:20px;width:48%;}\t\n\t\t.type3 li:nth-child(even){margin-right:0;}\n}\n\n<\/style>\n<ul class=\"type3\">\n\t<li><img decoding=\"async\" src=\"\/wp-content\/uploads\/2016\/02\/i47.jpg\" alt=\"\ubb34\uae30\uc7ac\ud14c\uc774\ud5041\"><\/li>\n   \t<li><\/li>\n  \t<li><\/li>\n   \t<li><\/li>\n<\/ul>\n<script type=\"text\/javascript\">\n\n<\/script>\n<\/p>\n<p>&nbsp;<\/p>\n\n<style type=\"text\/css\" scoped=\"scoped\">\n\n<\/style>\n\ufeff<style type=\"text\/css\">\n\n.cont_table_type1{\nmargin:0;\npadding:0;\nwidth:100%;\nborder-spacing:0;\nborder-top:2px solid #e38048;\n}\n.cont_table_type1 caption{\nheight:20px;\nfont-size:14px;\nfont-weight:bold;\ncolor:#666;\t\ntext-align:left;\nvisibility:visible;\nwidth:auto;\nline-height:auto;\n}\n.cont_table_type1 thead tr th{\nheight:58px;\npadding:10px;\nborder-bottom:1px solid #e9e9e9;\nbackground:#fdfdfd;\nfont-size:14px;\nvertical-align: top;\ncolor:#666;\nbox-sizing:border-box;\ntext-align:left;\nword-break:break-all;\n}\n.cont_table_type1 tbody tr td{\nheight:40px;\npadding:10px;\nborder-bottom:1px solid #e9e9e9;\nbackground:#fff;\nfont-size:14px;\ncolor:#666;\nbox-sizing:border-box;\ntext-align:left;\nword-break:break-all;\n}\n\n@media screen and (max-width:600px){\n\n.cont_table_type1 thead tr th{font-size:12px;}\n.cont_table_type1 tbody tr td{font-size:12px;}\n\n\n}\n\n<\/style>\n\n<table class=\"cont_table_type1\">\n  <caption><\/caption>\n  <colgroup>\n    <col style=\"width:20%\">\n    <col style=\"width:14%\">\n    <col style=\"width:13%\">\n    <col style=\"width:15%\">\n    <col style=\"width:15%\">\n    <col style=\"width:18%\">\n    <col style=\"width:5%\">\n  <\/colgroup>\n  <thead>\n      <th><strong>ITEM NO.<\/strong><\/th>\n      <th><strong>Carrier<\/strong><\/th>\n      <th><strong>Color<\/strong><\/th>\n      <th><strong>THICKNESS<\/strong><br>(mm)<\/th>\n      <th><strong>ADHESION<\/strong><br>(kg\/25mm)<\/th>\n      <th><strong>Holing power<\/strong><br>(Hours)<\/th>\n      <th><strong>TDS<\/strong><\/th>      \n  <\/thead>\n  <tbody>\n      <td >KB25000LX<\/td>\n      <td>Non-woven<\/td>\n      <td>Opaque<\/td>\n      <td>0.16<\/td>\n      <td>20<\/td>\n      <td>100<\/td>\n      <td><a href=\"\/wp-content\/uploads\/tds\/nonwoven\/KB25000LX.pdf\"><img decoding=\"async\" src=\"\/wp-content\/uploads\/2015\/11\/down_icon.png\" alt=\"\ub2e4\uc6b4\"><\/a><\/td>\n  <\/tbody>\n  <tbody>\n      <td >LT1440<\/td>\n      <td>Non-woven<\/td>\n      <td>Translucent<\/td>\n      <td>0.4<\/td>\n      <td>20<\/td>\n      <td>100<\/td>\n      <td><a href=\"\/wp-content\/uploads\/tds\/nonwoven\/LT1440.pdf\"><img decoding=\"async\" src=\"\/wp-content\/uploads\/2015\/11\/down_icon.png\" alt=\"\ub2e4\uc6b4\"><\/a><\/td>\n  <\/tbody>\n<\/table>\n<script type=\"text\/javascript\">\n\n<\/script>\n\n","protected":false},"excerpt":{"rendered":"<p>Kh\u1ea3 n\u0103ng ph\u1ee5c h\u1ed3i, t\u00ednh n\u0103ng d\u00e1n k\u00edn, kh\u1ea3 n\u0103ng ch\u1ed1ng ch\u1ecbu t\u00e1c \u0111\u1ed9ng c\u1ee7a m\u00f4i tr\u01b0\u1eddng v\u01b0\u1ee3t tr\u1ed9i n\u00ean \u0111\u01b0\u1ee3c s\u1eed d\u1ee5ng ph\u1ed5 bi\u1ebfn nh\u1ea5t \u1edf c\u00e1c c\u00f4ng tr\u01b0\u1eddng c\u00f4ng nghi\u1ec7p &nbsp;<\/p>\n","protected":false},"author":1,"featured_media":0,"parent":0,"menu_order":0,"comment_status":"closed","ping_status":"closed","template":"","meta":{"footnotes":""},"_links":{"self":[{"href":"http:\/\/kbadhesives.com\/vie\/wp-json\/wp\/v2\/pages\/277"}],"collection":[{"href":"http:\/\/kbadhesives.com\/vie\/wp-json\/wp\/v2\/pages"}],"about":[{"href":"http:\/\/kbadhesives.com\/vie\/wp-json\/wp\/v2\/types\/page"}],"author":[{"embeddable":true,"href":"http:\/\/kbadhesives.com\/vie\/wp-json\/wp\/v2\/users\/1"}],"replies":[{"embeddable":true,"href":"http:\/\/kbadhesives.com\/vie\/wp-json\/wp\/v2\/comments?post=277"}],"version-history":[{"count":0,"href":"http:\/\/kbadhesives.com\/vie\/wp-json\/wp\/v2\/pages\/277\/revisions"}],"wp:attachment":[{"href":"http:\/\/kbadhesives.com\/vie\/wp-json\/wp\/v2\/media?parent=277"}],"curies":[{"name":"wp","href":"https:\/\/api.w.org\/{rel}","templated":true}]}}