{"id":273,"date":"2015-12-14T15:32:17","date_gmt":"2015-12-14T06:32:17","guid":{"rendered":"http:\/\/ecplaza11.bbsetheme.com\/jap\/?page_id=273"},"modified":"2015-12-14T15:32:17","modified_gmt":"2015-12-14T06:32:17","slug":"bang-keo-dang-bot","status":"publish","type":"page","link":"http:\/\/kbadhesives.com\/vie\/bang-keo-dang-bot\/","title":{"rendered":"B\u0103ng keo d\u1ea1ng b\u1ecdt"},"content":{"rendered":"<p><!-- Document Start --><br \/>\n\u0110\u00e2y l\u00e0 lo\u1ea1i b\u0103ng keo \u0111\u01b0\u1ee3c l\u00e0m b\u1eb1ng ch\u1ea5t li\u1ec7u b\u1ecdt nh\u01b0 PE foam, EVA foam, PO foam. S\u1ea3n ph\u1ea9m n\u00e0y c\u00f3 \u0111\u1eb7c \u0111i\u1ec3m l\u00e0 m\u1ec1m m\u1ea1i v\u00e0 c\u00f3 th\u1ec3 l\u00e0m gi\u1ea3m nh\u1eb9 b\u1edbt c\u00e1c c\u00fa s\u1ed1c. S\u1ea3n ph\u1ea9m c\u00f3 th\u1ec3 gi\u00fap l\u1ea5p \u0111\u1ea7y c\u00e1c kh\u00f4ng gian si\u00eau nh\u1ecf, gi\u00fap ph\u00e2n t\u00e1n \u0111\u1ec1u \u1ee9ng l\u1ef1c v\u00e0 d\u1ec5 d\u00ednh l\u00ean c\u1ea3 c\u00e1c b\u1ec1 m\u1eb7t kh\u00f4ng b\u1eb1ng ph\u1eb3ng v\u00e0 th\u00f4 r\u00e1p, c\u00f3 kh\u1ea3 n\u0103ng gi\u1ea3m nh\u1eb9 c\u00e1c c\u00fa s\u1ed1c n\u00ean c\u00f3 \u0111i\u1ec3m m\u1ea1nh l\u00e0 v\u1eabn b\u1ec1n ngay c\u1ea3 khi ch\u1ecbu va \u0111\u1eadp. Kh\u1ea3 n\u0103ng ph\u1ee5c h\u1ed3i, t\u00ednh n\u0103ng d\u00e1n k\u00edn, kh\u1ea3 n\u0103ng ch\u1ed1ng ch\u1ecbu t\u00e1c \u0111\u1ed9ng c\u1ee7a m\u00f4i tr\u01b0\u1eddng v\u01b0\u1ee3t tr\u1ed9i n\u00ean \u0111\u01b0\u1ee3c s\u1eed d\u1ee5ng ph\u1ed5 bi\u1ebfn nh\u1ea5t \u1edf c\u00e1c c\u00f4ng tr\u01b0\u1eddng c\u00f4ng nghi\u1ec7p<\/p>\n<p>&nbsp;<\/p>\n\n<style type=\"text\/css\" scoped=\"scoped\">\n\n<\/style>\n\ufeff<style type=\"text\/css\">\n\n.type3{margin:0 !important;padding:0;list-style:none;}\n.type3:after{display:block;content:\"\";clear:both;}\n\t.type3 li{float:left;margin-right:2.333%;margin-bottom:20px;width:23%;box-sizing:border-box;}\n\t.type3 li:nth-child(4){margin-right:0;}\n\t\t.type3 li img{width:100%;height:auto;}\n\t\n\n@media screen and (max-width:600px){\n\t\t.type3 li{margin-right:4%;margin-bottom:20px;width:48%;}\t\n\t\t.type3 li:nth-child(even){margin-right:0;}\n}\n\n<\/style>\n<ul class=\"type3\">\n\t<li><\/li>\n   \t<li><img decoding=\"async\" src=\"\/wp-content\/uploads\/2016\/02\/i40.jpg\" alt=\"\ud3fc\ud14c\uc774\ud5042\"><\/li>\n  \t<li><img decoding=\"async\" src=\"\/wp-content\/uploads\/2016\/02\/i41.jpg\" alt=\"\ud3fc\ud14c\uc774\ud5043\"><\/li>\n   \t<li><\/li>\n<\/ul>\n<ul class=\"type3\">\n\t<li><\/li>\n   \t<li><img decoding=\"async\" src=\"\/wp-content\/uploads\/2016\/02\/i43.jpg\" alt=\"\ud3fc\ud14c\uc774\ud5046\"><\/li>\n  \t<li><img decoding=\"async\" src=\"\/wp-content\/uploads\/2016\/02\/i44.jpg\" alt=\"\ud3fc\ud14c\uc774\ud5047\"><\/li>\n   \t<li><\/li>\n<\/ul>\n<script type=\"text\/javascript\">\n\n<\/script>\n\n<p>&nbsp;<\/p>\n\n<style type=\"text\/css\" scoped=\"scoped\">\n\n<\/style>\n\ufeff<style type=\"text\/css\">\n\n.cont_table_type1{\nmargin:0;\npadding:0;\nwidth:100%;\nborder-spacing:0;\nborder-top:2px solid #e38048;\n}\n.cont_table_type1 caption{\nheight:20px;\nfont-size:14px;\nfont-weight:bold;\ncolor:#666;\t\ntext-align:left;\nvisibility:visible;\nwidth:auto;\nline-height:auto;\n}\n.cont_table_type1 thead tr th{\nheight:58px;\npadding:10px;\nborder-bottom:1px solid #e9e9e9;\nbackground:#fdfdfd;\nfont-size:14px;\nvertical-align:top;\ncolor:#666;\nbox-sizing:border-box;\ntext-align:left;\nword-break:break-all;\n}\n.cont_table_type1 tbody tr td{\nheight:40px;\npadding:10px;\nborder-bottom:1px solid #e9e9e9;\nbackground:#fff;\nfont-size:14px;\ncolor:#666;\nbox-sizing:border-box;\ntext-align:left;\nword-break:break-all;\n}\n\n@media screen and (max-width:600px){\n\n.cont_table_type1 thead tr th{font-size:12px;}\n.cont_table_type1 tbody tr td{font-size:12px;}\n\n\n}\n\n<\/style>\n\n<table class=\"cont_table_type1\">\n  <caption><\/caption>\n  <colgroup>\n    <col style=\"width:15%\">\n    <col style=\"width:11%\">\n    <col style=\"width:14%\">\n    <col style=\"width:13%\">\n    <col style=\"width:15%\">\n    <col style=\"width:15%\">\n    <col style=\"width:12%\">\n    <col style=\"width:5%\">\n  <\/colgroup>\n  <thead>\n      <th><strong>ITEM NO.<\/strong><\/th>\n      <th><strong>Carrier\/<br>Backing<\/strong><\/th>\n      <th><\/th>\n      <th><strong>Color<\/strong><\/th>\n      <th><strong>THICKNESS<\/strong><br>(mm)<\/th>\n      <th><strong>ADHESION<\/strong><br>(kg\/25mm)<\/th>\n      <th><strong>Holing power<\/strong><br>(Hours)<\/th>\n      <th><strong>TDS<\/strong><\/th>      \n  <\/thead>\n  <tbody>\n      <td>KBPP150<\/td>\n      <td>PE foam<\/td>\n      <td>Single side<\/td>\n      <td>White\/Black<\/td>\n      <td>0.55<\/td>\n      <td>15<\/td>\n      <td>2<\/td>\n      <td><a href=\"\/wp-content\/uploads\/tds\/foam\/KBPP150.pdf\"><img decoding=\"async\" src=\"\/wp-content\/uploads\/2015\/11\/down_icon.png\" alt=\"\ub2e4\uc6b4\"><\/a><\/td>\n  <\/tbody>\n  <tbody>\n      <td>KBPP180<\/td>\n      <td>PE foam<\/td>\n      <td>Single side<\/td>\n      <td>White\/Black<\/td>\n      <td>0.85<\/td>\n      <td>15<\/td>\n      <td>2<\/td>\n      <td><a href=\"\/wp-content\/uploads\/tds\/foam\/KBPP180.pdf\"><img decoding=\"async\" src=\"\/wp-content\/uploads\/2015\/11\/down_icon.png\" alt=\"\ub2e4\uc6b4\"><\/a><\/td>\n  <\/tbody>\n  <tbody>\n      <td>KBPP1100<\/td>\n      <td>PE foam<\/td>\n      <td>Single side<\/td>\n      <td>White\/Black<\/td>\n      <td>0.105<\/td>\n      <td>15<\/td>\n      <td>2<\/td>\n      <td><a href=\"\/wp-content\/uploads\/tds\/foam\/KBPP1100.pdf\"><img decoding=\"async\" src=\"\/wp-content\/uploads\/2015\/11\/down_icon.png\" alt=\"\ub2e4\uc6b4\"><\/a><\/td>\n  <\/tbody>\n  <tbody>\n      <td>KBPP1150<\/td>\n      <td>PE foam<\/td>\n      <td>Single side<\/td>\n      <td>White\/Black<\/td>\n      <td>1.155<\/td>\n      <td>15<\/td>\n      <td>2<\/td>\n      <td><a href=\"\/wp-content\/uploads\/tds\/foam\/KBPP1150.pdf\"><img decoding=\"async\" src=\"\/wp-content\/uploads\/2015\/11\/down_icon.png\" alt=\"\ub2e4\uc6b4\"><\/a><\/td>\n  <\/tbody>\n  <tbody>\n      <td>KBPP230<\/td>\n      <td>PE foam<\/td>\n      <td>Double sided<\/td>\n      <td><\/td>\n      <td>0.43<\/td>\n      <td>20<\/td>\n      <td>200<\/td>\n      <td><a href=\"\/wp-content\/uploads\/tds\/foam\/KBPP230.pdf\"><img decoding=\"async\" src=\"\/wp-content\/uploads\/2015\/11\/down_icon.png\" alt=\"\ub2e4\uc6b4\"><\/a><\/td>\n  <\/tbody>\n  <tbody>\n      <td>KBPP250<\/td>\n      <td>PE foam<\/td>\n      <td>Double sided<\/td>\n      <td><\/td>\n      <td>0.63<\/td>\n      <td>20<\/td>\n      <td>200<\/td>\n      <td><a href=\"\/wp-content\/uploads\/tds\/foam\/KBPP250.pdf\"><img decoding=\"async\" src=\"\/wp-content\/uploads\/2015\/11\/down_icon.png\" alt=\"\ub2e4\uc6b4\"><\/a><\/td>\n  <\/tbody>\n  <tbody>\n      <td>KBPP280<\/td>\n      <td>PE foam<\/td>\n      <td>Double sided<\/td>\n      <td><\/td>\n      <td>0.93<\/td>\n      <td>20<\/td>\n      <td>200<\/td>\n      <td><a href=\"\/wp-content\/uploads\/tds\/foam\/KBPP280.pdf\"><img decoding=\"async\" src=\"\/wp-content\/uploads\/2015\/11\/down_icon.png\" alt=\"\ub2e4\uc6b4\"><\/a><\/td>\n  <\/tbody>\n  <tbody>\n      <td>KBPP2100<\/td>\n      <td>PE foam<\/td>\n      <td>Double sided<\/td>\n      <td><\/td>\n      <td>1.13<\/td>\n      <td>20<\/td>\n      <td>200<\/td>\n      <td><a href=\"\/wp-content\/uploads\/tds\/foam\/KBPP2100.pdf\"><img decoding=\"async\" src=\"\/wp-content\/uploads\/2015\/11\/down_icon.png\" alt=\"\ub2e4\uc6b4\"><\/a><\/td>\n  <\/tbody>\n  <tbody>\n      <td>KBPP2150<\/td>\n      <td>PE foam<\/td>\n      <td>Double sided<\/td>\n      <td><\/td>\n      <td>1.63<\/td>\n      <td>20<\/td>\n      <td>200<\/td>\n      <td><a href=\"\/wp-content\/uploads\/tds\/foam\/KBPP2150.pdf\"><img decoding=\"async\" src=\"\/wp-content\/uploads\/2015\/11\/down_icon.png\" alt=\"\ub2e4\uc6b4\"><\/a><\/td>\n  <\/tbody>\n  <tbody>\n      <td>KBPP2200<\/td>\n      <td>PE foam<\/td>\n      <td>Double sided<\/td>\n      <td><\/td>\n      <td>2.13<\/td>\n      <td>20<\/td>\n      <td>200<\/td>\n      <td><a href=\"\/wp-content\/uploads\/tds\/foam\/KBPP2200.pdf\"><img decoding=\"async\" src=\"\/wp-content\/uploads\/2015\/11\/down_icon.png\" alt=\"\ub2e4\uc6b4\"><\/a><\/td>\n  <\/tbody>\n  <tbody>\n      <td>KBPP2300<\/td>\n      <td>PE foam<\/td>\n      <td>Double sided<\/td>\n      <td><\/td>\n      <td>3.13<\/td>\n      <td>20<\/td>\n      <td>200<\/td>\n      <td><a href=\"\/wp-content\/uploads\/tds\/foam\/KBPP2300.pdf\"><img decoding=\"async\" src=\"\/wp-content\/uploads\/2015\/11\/down_icon.png\" alt=\"\ub2e4\uc6b4\"><\/a><\/td>\n  <\/tbody>\n  <tbody>\n      <td>POM250<\/td>\n      <td>PE foam<\/td>\n      <td>Double sided<\/td>\n      <td><\/td>\n      <td>0.25<\/td>\n      <td>20<\/td>\n      <td>168<\/td>\n      <td><a href=\"\/wp-content\/uploads\/tds\/foam\/POM250_KB.pdf\"><img decoding=\"async\" src=\"\/wp-content\/uploads\/2015\/11\/down_icon.png\" alt=\"\ub2e4\uc6b4\"><\/a><\/td>\n  <\/tbody>\n  <tbody>\n      <td>POM360<\/td>\n      <td>PO foam<\/td>\n      <td>Double sided<\/td>\n      <td><\/td>\n      <td>0.36<\/td>\n      <td>25<\/td>\n      <td>168<\/td>\n      <td><a href=\"\/wp-content\/uploads\/tds\/foam\/POM_360_KB.pdf\"><img decoding=\"async\" src=\"\/wp-content\/uploads\/2015\/11\/down_icon.png\" alt=\"\ub2e4\uc6b4\"><\/a><\/td>\n  <\/tbody>\n  <tbody>\n      <td>POM300<\/td>\n      <td>PO foam<\/td>\n      <td>Double sided<\/td>\n      <td><\/td>\n      <td>0.3<\/td>\n      <td>25<\/td>\n      <td>168<\/td>\n      <td><a href=\"\/wp-content\/uploads\/tds\/foam\/POM300.pdf\"><img decoding=\"async\" src=\"\/wp-content\/uploads\/2015\/11\/down_icon.png\" alt=\"\ub2e4\uc6b4\"><\/a><\/td>\n  <\/tbody>\n  <tbody>\n      <td>POM300S<\/td>\n      <td>PE foam<\/td>\n      <td>Double sided<\/td>\n      <td><\/td>\n      <td>0.3<\/td>\n      <td>20<\/td>\n      <td>200<\/td>\n      <td><a href=\"\/wp-content\/uploads\/tds\/foam\/POM300S.pdf\"><img decoding=\"async\" src=\"\/wp-content\/uploads\/2015\/11\/down_icon.png\" alt=\"\ub2e4\uc6b4\"><\/a><\/td>\n  <\/tbody>\n  <tbody>\n      <td>KBEP1100<\/td>\n      <td>EVA foam<\/td>\n      <td>Single side<\/td>\n      <td>White\/Black<\/td>\n      <td>0.105<\/td>\n      <td>12<\/td>\n      <td>5<\/td>\n      <td><a href=\"\/wp-content\/uploads\/tds\/foam\/KBEP1100.pdf\"><img decoding=\"async\" src=\"\/wp-content\/uploads\/2015\/11\/down_icon.png\" alt=\"\ub2e4\uc6b4\"><\/a><\/td>\n  <\/tbody>\n  <tbody>\n      <td>KBEP1200<\/td>\n      <td>EVA foam<\/td>\n      <td>Double sided<\/td>\n      <td>White\/Black<\/td>\n      <td>0.205<\/td>\n      <td>12<\/td>\n      <td>5<\/td>\n      <td><a href=\"\/wp-content\/uploads\/tds\/foam\/KBEP1200.pdf\"><img decoding=\"async\" src=\"\/wp-content\/uploads\/2015\/11\/down_icon.png\" alt=\"\ub2e4\uc6b4\"><\/a><\/td>\n  <\/tbody>\n  <tbody>\n      <td>KBEP250<\/td>\n      <td>EVA foam<\/td>\n      <td>Double sided<\/td>\n      <td>White\/Black<\/td>\n      <td>0.6<\/td>\n      <td>12<\/td>\n      <td>5<\/td>\n      <td><a href=\"\/wp-content\/uploads\/tds\/foam\/KBEP250.pdf\"><img decoding=\"async\" src=\"\/wp-content\/uploads\/2015\/11\/down_icon.png\" alt=\"\ub2e4\uc6b4\"><\/a><\/td>\n  <\/tbody>\n  <tbody>\n      <td>KBEP2100<\/td>\n      <td>EVA foam<\/td>\n      <td>Double sided<\/td>\n      <td>White\/Black<\/td>\n      <td>1.1<\/td>\n      <td>12<\/td>\n      <td>5<\/td>\n      <td><a href=\"\/wp-content\/uploads\/tds\/foam\/KBEP2100.pdf\"><img decoding=\"async\" src=\"\/wp-content\/uploads\/2015\/11\/down_icon.png\" alt=\"\ub2e4\uc6b4\"><\/a><\/td>\n  <\/tbody>\n  <tbody>\n      <td>KBEP2200<\/td>\n      <td>EVA foam<\/td>\n      <td>Double sided<\/td>\n      <td>White\/Black<\/td>\n      <td>2.1<\/td>\n      <td>12<\/td>\n      <td>5<\/td>\n      <td><a href=\"\/wp-content\/uploads\/tds\/foam\/KBEP2200.pdf\"><img decoding=\"async\" src=\"\/wp-content\/uploads\/2015\/11\/down_icon.png\" alt=\"\ub2e4\uc6b4\"><\/a><\/td>\n  <\/tbody>\n<\/table>\n<script type=\"text\/javascript\">\n\n<\/script>\n\n","protected":false},"excerpt":{"rendered":"<p>\u0110\u00e2y l\u00e0 lo\u1ea1i b\u0103ng keo \u0111\u01b0\u1ee3c l\u00e0m b\u1eb1ng ch\u1ea5t li\u1ec7u b\u1ecdt nh\u01b0 PE foam, EVA foam, PO foam. S\u1ea3n ph\u1ea9m n\u00e0y c\u00f3 \u0111\u1eb7c \u0111i\u1ec3m l\u00e0 m\u1ec1m m\u1ea1i v\u00e0 c\u00f3 th\u1ec3 l\u00e0m gi\u1ea3m nh\u1eb9 b\u1edbt c\u00e1c c\u00fa s\u1ed1c. S\u1ea3n ph\u1ea9m c\u00f3 th\u1ec3 gi\u00fap l\u1ea5p \u0111\u1ea7y c\u00e1c kh\u00f4ng gian si\u00eau nh\u1ecf, gi\u00fap ph\u00e2n t\u00e1n \u0111\u1ec1u \u1ee9ng l\u1ef1c [&hellip;]<\/p>\n","protected":false},"author":1,"featured_media":0,"parent":0,"menu_order":0,"comment_status":"closed","ping_status":"closed","template":"","meta":{"footnotes":""},"_links":{"self":[{"href":"http:\/\/kbadhesives.com\/vie\/wp-json\/wp\/v2\/pages\/273"}],"collection":[{"href":"http:\/\/kbadhesives.com\/vie\/wp-json\/wp\/v2\/pages"}],"about":[{"href":"http:\/\/kbadhesives.com\/vie\/wp-json\/wp\/v2\/types\/page"}],"author":[{"embeddable":true,"href":"http:\/\/kbadhesives.com\/vie\/wp-json\/wp\/v2\/users\/1"}],"replies":[{"embeddable":true,"href":"http:\/\/kbadhesives.com\/vie\/wp-json\/wp\/v2\/comments?post=273"}],"version-history":[{"count":0,"href":"http:\/\/kbadhesives.com\/vie\/wp-json\/wp\/v2\/pages\/273\/revisions"}],"wp:attachment":[{"href":"http:\/\/kbadhesives.com\/vie\/wp-json\/wp\/v2\/media?parent=273"}],"curies":[{"name":"wp","href":"https:\/\/api.w.org\/{rel}","templated":true}]}}