{"id":269,"date":"2015-12-14T15:32:00","date_gmt":"2015-12-14T06:32:00","guid":{"rendered":"http:\/\/ecplaza11.bbsetheme.com\/jap\/?page_id=269"},"modified":"2015-12-14T15:32:00","modified_gmt":"2015-12-14T06:32:00","slug":"bang-keo-pvc","status":"publish","type":"page","link":"http:\/\/kbadhesives.com\/vie\/bang-keo-pvc\/","title":{"rendered":"B\u0103ng keo PVC"},"content":{"rendered":"<p><!-- Document Start --><\/p>\n\n<style type=\"text\/css\" scoped=\"scoped\">\n\n<\/style>\n\ufeff<style type=\"text\/css\">\n\n.type3{margin:0 !important;padding:0;list-style:none;}\n.type3:after{display:block;content:\"\";clear:both;}\n\t.type3 li{float:left;margin-right:2.333%;margin-bottom:20px;width:23%;box-sizing:border-box;}\n\t.type3 li:nth-child(2){margin-right:0;}\n\t\t.type3 li img{width:100%;height:auto;}\n\t\n\n@media screen and (max-width:600px){\n\t\t.type3 li{margin-right:4%;margin-bottom:20px;width:48%;}\t\n\t\t.type3 li:nth-child(even){margin-right:0;}\n}\n\n<\/style>\n<ul class=\"type3\">\n\t<li><img decoding=\"async\" src=\"\/wp-content\/uploads\/2016\/07\/PVCTAPE.jpg\" alt=\"PVCTAPE\"><\/li>\n   \t<li><\/li>\n<\/ul>\n<script type=\"text\/javascript\">\n\n<\/script>\n\n<p>&nbsp;<\/p>\n<p>\u0110\u00e2y l\u00e0 lo\u1ea1i b\u0103ng keo s\u1eed d\u1ee5ng keo d\u00ednh PVC d\u00f9ng \u0111\u1ec3 b\u1ea3o h\u1ed9. S\u1ea3n ph\u1ea9m n\u00e0y c\u00f3 kh\u1ea3 n\u0103ng d\u00ednh n\u1ed5i tr\u1ed9i v\u00e0 t\u00ednh ch\u1ed1ng m\u00e0i m\u00f2n cao, c\u00f3 th\u1ec3 x\u00e9 r\u00e1ch \u0111\u01b0\u1ee3c b\u1eb1ng tay. M\u00e0u s\u1eafc \u0111\u01b0\u1ee3c th\u00eam v\u00e0o l\u1edbp m\u00e0ng m\u1ecfng, c\u00f3 kh\u1ea3 n\u0103ng ch\u1ed1ng tia t\u1eed ngo\u1ea1i n\u00ean kh\u00f4ng b\u1ecb bi\u1ebfn s\u1eafc. \u0110\u00e2y c\u0169ng l\u00e0 s\u1ea3n ph\u1ea9m c\u00f3 t\u00ednh ch\u1ed1ng ch\u1ecbu c\u00e1c ch\u1ea5t h\u00f3a h\u1ecdc xu\u1ea5t s\u1eafc n\u00ean c\u00f3 th\u1ec3 s\u1eed d\u1ee5ng \u0111\u01b0\u1ee3c c\u1ea3 \u1edf trong m\u00f4i tr\u01b0\u1eddng d\u1ec5 ph\u1ea3i ti\u1ebfp x\u00fac v\u1edbi c\u00e1c ch\u1ea5t h\u00f3a h\u1ecdc, v\u00ed d\u1ee5 nh\u01b0 l\u1edbp m\u1ea1 kim lo\u1ea1i&#8230;.<\/p>\n<p>&nbsp;<\/p>\n\n<style type=\"text\/css\" scoped=\"scoped\">\n\n<\/style>\n\ufeff<style type=\"text\/css\">\n\n.cont_table_type4{\nmargin:0;\npadding:0;\nwidth:100%;\nborder-spacing:0;\nborder-top:2px solid #e38048;\n}\n.cont_table_type4 tbody tr th{\nheight:30px;\npadding:10px;\nborder-bottom:1px solid #e9e9e9;\nborder-right:1px solid #e9e9e9;\nbackground:#fdfdfd;\nfont-size:14px;\ncolor:#666;\nbox-sizing:border-box;\ntext-align:center;\nword-break:break-all;\n}\n.cont_table_type4 tbody tr td{\nheight:30px;\npadding:10px;\nborder-bottom:1px solid #e9e9e9;\nbackground:#fff;\nfont-size:14px;\ncolor:#666;\nbox-sizing:border-box;\ntext-align:center;\nword-break:break-all;\n}\n\n@media screen and (max-width:600px){\n\n.cont_table_type4 thead tr th{font-size:12px;}\n.cont_table_type4 tbody tr td{font-size:12px;}\n\n}\n\n<\/style>\n\n<table class=\"cont_table_type4\">\n\t<colgroup>\n    \t<col style=\"width:50%\">\n        <col style=\"width:50%\">\n    <\/colgroup>\n  <tbody>\n    <tr>\n      <th scope=\"row\"><strong>Backing<\/strong><\/th>\n      <td>PVC Film<\/td>\n    <\/tr>\n    <tr>\n      <th scope=\"row\"><strong>Color<\/strong><\/th>\n      <td>Yellow<\/td>\n    <\/tr>\n    <tr>\n      <th scope=\"row\"><strong>Total thickness(mm)<\/strong><\/th>\n      <td>0.11<\/td>\n    <\/tr>\n    <tr>\n      <th scope=\"row\"><strong>Adhesive type<\/strong><\/th>\n      <td>Rubber base<\/td>\n    <\/tr>\n    <tr>\n      <th scope=\"row\"><strong>Adhesion power(N\/25mm)<\/strong><\/th>\n      <td>1.6(+\/-0.5)<\/td>\n    <\/tr>\n    <tr>\n      <th scope=\"row\"><strong>Tensile strength(N\/25mm)<\/strong><\/th>\n      <td>23~24<\/td>\n    <\/tr>\n    <tr>\n      <th scope=\"row\"><strong>Elongation(%)<\/strong><\/th>\n      <td>240<\/td>\n    <\/tr>\n    <tr>\n      <th scope=\"row\"><strong>Heat resistance<\/strong><\/th>\n      <td>60'C<\/td>\n    <\/tr>\n    <tr>\n      <th scope=\"row\"><strong>Note<\/strong><\/th>\n      <td>UV resistance, RoHS management<\/td>\n    <\/tr>\n  <\/tbody>\n<\/table>\n<script type=\"text\/javascript\">\n\n<\/script>\n\n","protected":false},"excerpt":{"rendered":"<p>&nbsp; \u0110\u00e2y l\u00e0 lo\u1ea1i b\u0103ng keo s\u1eed d\u1ee5ng keo d\u00ednh PVC d\u00f9ng \u0111\u1ec3 b\u1ea3o h\u1ed9. S\u1ea3n ph\u1ea9m n\u00e0y c\u00f3 kh\u1ea3 n\u0103ng d\u00ednh n\u1ed5i tr\u1ed9i v\u00e0 t\u00ednh ch\u1ed1ng m\u00e0i m\u00f2n cao, c\u00f3 th\u1ec3 x\u00e9 r\u00e1ch \u0111\u01b0\u1ee3c b\u1eb1ng tay. M\u00e0u s\u1eafc \u0111\u01b0\u1ee3c th\u00eam v\u00e0o l\u1edbp m\u00e0ng m\u1ecfng, c\u00f3 kh\u1ea3 n\u0103ng ch\u1ed1ng tia t\u1eed ngo\u1ea1i n\u00ean kh\u00f4ng b\u1ecb [&hellip;]<\/p>\n","protected":false},"author":1,"featured_media":0,"parent":0,"menu_order":0,"comment_status":"closed","ping_status":"closed","template":"","meta":{"footnotes":""},"_links":{"self":[{"href":"http:\/\/kbadhesives.com\/vie\/wp-json\/wp\/v2\/pages\/269"}],"collection":[{"href":"http:\/\/kbadhesives.com\/vie\/wp-json\/wp\/v2\/pages"}],"about":[{"href":"http:\/\/kbadhesives.com\/vie\/wp-json\/wp\/v2\/types\/page"}],"author":[{"embeddable":true,"href":"http:\/\/kbadhesives.com\/vie\/wp-json\/wp\/v2\/users\/1"}],"replies":[{"embeddable":true,"href":"http:\/\/kbadhesives.com\/vie\/wp-json\/wp\/v2\/comments?post=269"}],"version-history":[{"count":0,"href":"http:\/\/kbadhesives.com\/vie\/wp-json\/wp\/v2\/pages\/269\/revisions"}],"wp:attachment":[{"href":"http:\/\/kbadhesives.com\/vie\/wp-json\/wp\/v2\/media?parent=269"}],"curies":[{"name":"wp","href":"https:\/\/api.w.org\/{rel}","templated":true}]}}