{"id":267,"date":"2015-12-14T15:31:51","date_gmt":"2015-12-14T06:31:51","guid":{"rendered":"http:\/\/ecplaza11.bbsetheme.com\/jap\/?page_id=267"},"modified":"2015-12-14T15:31:51","modified_gmt":"2015-12-14T06:31:51","slug":"bang-keo-polyimide-pvc","status":"publish","type":"page","link":"http:\/\/kbadhesives.com\/vie\/bang-keo-polyimide-pvc\/","title":{"rendered":"B\u0103ng d\u00ednh c\u00e1ch \u0111i\u1ec7n, ch\u1ecbu nhi\u1ec7t"},"content":{"rendered":"<p><!-- Document Start --><\/p>\n<p>\u0110\u00e2y l\u00e0 lo\u1ea1i b\u0103ng keo Polyimide v\u1edbi ch\u1ea5t l\u01b0\u1ee3ng ho\u00e0n h\u1ea3o kh\u00f4ng b\u1ecb bi\u1ebfn d\u1ea1ng ngay c\u1ea3 \u1edf trong \u0111i\u1ec1u ki\u1ec7n nhi\u1ec7t \u0111\u1ed9 cao hay khi ch\u1ecbu t\u00e1c \u0111\u1ed9ng c\u1ee7a c\u00e1c d\u01b0\u1ee3c ph\u1ea9m h\u00f3a h\u1ecdc, v\u00e0 kh\u1ea3 n\u0103ng ch\u1ecbu nhi\u1ec7t v\u01b0\u1ee3t tr\u1ed9i. S\u1ea3n ph\u1ea9m s\u1ebd mang l\u1ea1i hi\u1ec7u qu\u1ea3 b\u1ea3o v\u1ec7 s\u1ea3n ph\u1ea9m v\u01b0\u1ee3t tr\u1ed9i, v\u00e0 kh\u00f4ng c\u00f2n c\u00e1c d\u1ecb v\u1eadt sau khi s\u1eed d\u1ee5ng. S\u1ea3n ph\u1ea9m \u0111\u01b0\u1ee3c s\u1eed d\u1ee5ng \u0111\u1ec3 che cho PCB (b\u1ea3ng m\u1ea1ch in) v\u00e0 m\u00e1y bi\u1ebfn \u00e1p, d\u00f9ng \u0111\u1ec3 c\u00e1ch \u0111i\u1ec7n cho c\u00e1c linh ki\u1ec7n ph\u1ee5 t\u00f9ng \u0111i\u1ec7n t\u1eed \u0111\u1eb7c bi\u1ec7t nh\u01b0 t\u00e0u \u0111i\u1ec7n, ph\u1ee5 t\u00f9ng ng\u00e0nh h\u00e0ng kh\u00f4ng&#8230;.<\/p>\n<p>&nbsp;<\/p>\n\n<style type=\"text\/css\" scoped=\"scoped\">\n\n<\/style>\n\ufeff<style type=\"text\/css\">\n\n.type3{margin:0 !important;padding:0;list-style:none;}\n.type3:after{display:block;content:\"\";clear:both;}\n\t.type3 li{float:left;margin-right:2.333%;margin-bottom:20px;width:23%;box-sizing:border-box;}\n\t.type3 li:nth-child(4){margin-left:0;}\n\t\t.type3 li img{width:100%;height:auto;}\n\t\n\n@media screen and (max-width:600px){\n\t\t.type3 li{margin-right:4%;margin-bottom:20px;width:48%;}\t\n\t\t.type3 li:nth-child(even){margin-right:0;}\n}\n\n<\/style>\n<ul class=\"type3\">\n\t<li><img decoding=\"async\" src=\"\/wp-content\/uploads\/2016\/02\/i33.jpg\" alt=\"\ud3f4\ub9ac\uc774\ubbf8\ub4dc\ud14c\uc774\ud5041\"><\/li>\n  \t<li><img decoding=\"async\" src=\"\/wp-content\/uploads\/2016\/02\/i35.jpg\" alt=\"\ud3f4\ub9ac\uc774\ubbf8\ub4dc\ud14c\uc774\ud5043\"><\/li>\n   \t<li><img decoding=\"async\" src=\"\/wp-content\/uploads\/2016\/02\/i36.jpg\" alt=\"\ud3f4\ub9ac\uc774\ubbf8\ub4dc\ud14c\uc774\ud5044\"><\/li>\n<\/ul>\n<script type=\"text\/javascript\">\n\n<\/script>\n\n<p>&nbsp;<\/p>\n\n<style type=\"text\/css\" scoped=\"scoped\">\n\n<\/style>\n\ufeff<style type=\"text\/css\">\n\n.cont_table_type1{\nmargin:0;\npadding:0;\nwidth:100%;\nborder-spacing:0;\nborder-top:2px solid #e38048;\n}\n.cont_table_type1 caption{\nheight:20px;\nfont-size:14px;\nfont-weight:bold;\ncolor:#666;\t\ntext-align:left;\nvisibility:visible;\nwidth:auto;\nline-height:auto;\n}\n.cont_table_type1 thead tr th{\nheight:58px;\npadding:10px;\nborder-bottom:1px solid #e9e9e9;\nbackground:#fdfdfd;\nfont-size:14px;\nvertical-align:top;\ncolor:#666;\nbox-sizing:border-box;\nword-break:break-all;\ntext-align:left;\n}\n.cont_table_type1 tbody tr td{\nheight:40px;\npadding:10px;\nborder-bottom:1px solid #e9e9e9;\nbackground:#fff;\nfont-size:14px;\ncolor:#666;\nbox-sizing:border-box;\ntext-align:left;\nword-break:break-all;\n}\n\n@media screen and (max-width:600px){\n\n.cont_table_type1 thead tr th:last-child{\ntext-align:right;\n}\n\n.cont_table_type1 thead tr th{font-size:12px;}\n.cont_table_type1 tbody tr td{font-size:12px;}\n\n\n}\n\n<\/style>\n\n<table class=\"cont_table_type1\">\n  <caption><\/caption>\n  <colgroup>\n    <col style=\"width:17%\">\n    <col style=\"width:16%\">\n    <col style=\"width:21%\">\n    <col style=\"width:21%\">    \n    <col style=\"width:11%\">\n    <col style=\"width:7%\">\n  <\/colgroup>\n  <thead>\n      <th><strong>ITEM NO.<\/strong><\/th>\n      <th><strong>Backing<\/strong><\/th>\n      <th><strong>Adhesive Type<\/strong><\/th>\n      <th><strong>THICKNESS<\/strong><br>(mm)<\/th>\n      <th><strong>ADHESION<\/strong><br>(N\/25mm)<\/th>\n      <th><strong>TDS<\/strong><\/th>      \n  <\/thead>\n  <tbody>\n      <td>830<\/td>\n      <td>PET<\/td>\n      <td>Silicone<\/td>\n      <td>0.07<\/td>\n      <td>0.6<\/td>\n      <td><a href=\"\/wp-content\/uploads\/tds\/polyamide\/KB130.pdf\"><img decoding=\"async\" src=\"\/wp-content\/uploads\/2015\/11\/down_icon.png\" alt=\"\ub2e4\uc6b4\"><\/a><\/td>    \n  <\/tbody>\n<\/table>\n<script type=\"text\/javascript\">\n\n<\/script>\n\n","protected":false},"excerpt":{"rendered":"<p>\u0110\u00e2y l\u00e0 lo\u1ea1i b\u0103ng keo Polyimide v\u1edbi ch\u1ea5t l\u01b0\u1ee3ng ho\u00e0n h\u1ea3o kh\u00f4ng b\u1ecb bi\u1ebfn d\u1ea1ng ngay c\u1ea3 \u1edf trong \u0111i\u1ec1u ki\u1ec7n nhi\u1ec7t \u0111\u1ed9 cao hay khi ch\u1ecbu t\u00e1c \u0111\u1ed9ng c\u1ee7a c\u00e1c d\u01b0\u1ee3c ph\u1ea9m h\u00f3a h\u1ecdc, v\u00e0 kh\u1ea3 n\u0103ng ch\u1ecbu nhi\u1ec7t v\u01b0\u1ee3t tr\u1ed9i. S\u1ea3n ph\u1ea9m s\u1ebd mang l\u1ea1i hi\u1ec7u qu\u1ea3 b\u1ea3o v\u1ec7 s\u1ea3n ph\u1ea9m v\u01b0\u1ee3t tr\u1ed9i, [&hellip;]<\/p>\n","protected":false},"author":1,"featured_media":0,"parent":0,"menu_order":0,"comment_status":"closed","ping_status":"closed","template":"","meta":{"footnotes":""},"_links":{"self":[{"href":"http:\/\/kbadhesives.com\/vie\/wp-json\/wp\/v2\/pages\/267"}],"collection":[{"href":"http:\/\/kbadhesives.com\/vie\/wp-json\/wp\/v2\/pages"}],"about":[{"href":"http:\/\/kbadhesives.com\/vie\/wp-json\/wp\/v2\/types\/page"}],"author":[{"embeddable":true,"href":"http:\/\/kbadhesives.com\/vie\/wp-json\/wp\/v2\/users\/1"}],"replies":[{"embeddable":true,"href":"http:\/\/kbadhesives.com\/vie\/wp-json\/wp\/v2\/comments?post=267"}],"version-history":[{"count":0,"href":"http:\/\/kbadhesives.com\/vie\/wp-json\/wp\/v2\/pages\/267\/revisions"}],"wp:attachment":[{"href":"http:\/\/kbadhesives.com\/vie\/wp-json\/wp\/v2\/media?parent=267"}],"curies":[{"name":"wp","href":"https:\/\/api.w.org\/{rel}","templated":true}]}}