{"id":265,"date":"2015-12-14T15:31:44","date_gmt":"2015-12-14T06:31:44","guid":{"rendered":"http:\/\/ecplaza11.bbsetheme.com\/jap\/?page_id=265"},"modified":"2015-12-14T15:31:44","modified_gmt":"2015-12-14T06:31:44","slug":"sticky-mat-tam-dinh-bui","status":"publish","type":"page","link":"http:\/\/kbadhesives.com\/vie\/sticky-mat-tam-dinh-bui\/","title":{"rendered":"T\u1ea5m d\u00ednh b\u1ee5i"},"content":{"rendered":"<p><!-- Document Start --><\/p>\n<p>T\u1ea5m d\u00ednh b\u1ee5i (Sticky Mat) \u0111\u00e3 qua x\u1eed l\u00fd gia c\u00f4ng \u0111\u1eb7c bi\u1ec7t n\u00e0y \u0111\u00e3 \u0111\u01b0\u1ee3c ch\u1ebf t\u1ea1o \u0111\u1ec3 lo\u1ea1i b\u1ecf \u0111\u01b0\u1ee3c c\u00e1c ch\u1ea5t g\u00e2y \u00f4 nhi\u1ec5m v\u00e0 b\u1ee5i b\u1ea9n c\u1ee7a \u0111\u1ebf gi\u00e0y d\u00e9p m\u1ed9t c\u00e1ch hi\u1ec7u qu\u1ea3 nh\u1ea5t. Do c\u00f3 kh\u1ea3 n\u0103ng d\u00ednh r\u1ea5t t\u1ed1t n\u00ean c\u00f3 th\u1ec3 gi\u00fap lo\u1ea1i b\u1ecf \u0111\u01b0\u1ee3c vi khu\u1ea9n c\u0169ng nh\u01b0 b\u1ee5i si\u00eau nh\u1ecf d\u00ednh tr\u00ean b\u00e1nh xe c\u1ee7a c\u00e1c lo\u1ea1i ph\u01b0\u01a1ng ti\u1ec7n v\u1eadn chuy\u1ec3n v\u00e0 gi\u00e0y d\u00e9p. S\u1ea3n ph\u1ea9m c\u00f3 th\u1ec3 \u0111\u01b0\u1ee3c s\u1eed d\u1ee5ng \u1edf nh\u1eefng n\u01a1i ph\u1ea3i duy tr\u00ec m\u00f4i tr\u01b0\u1eddng trong s\u1ea1ch, v\u00ed d\u1ee5 nh\u01b0 ph\u00f2ng s\u1ea1ch, ph\u00f2ng \u0111i\u1ec7n to\u00e1n, b\u1ec7nh vi\u1ec7n&#8230;.<\/p>\n<p>&nbsp;<\/p>\n\n<style type=\"text\/css\" scoped=\"scoped\">\n\n<\/style>\n\ufeff<style type=\"text\/css\">\n\n.cont_table_type1{\nmargin:0;\npadding:0;\nwidth:100%;\nborder-spacing:0;\nborder-top:2px solid #e38048;\n}\n.cont_table_type1 caption{\nheight:20px;\nfont-size:14px;\nfont-weight:bold;\ncolor:#666;\t\ntext-align:left;\nvisibility:visible;\nwidth:auto;\nline-height:auto;\n}\n.cont_table_type1 thead tr th{\nheight:50px;\npadding:10px;\nborder-bottom:1px solid #eeeeee;\nbackground:#fdfdfd;\nfont-size:13px;\ncolor:#666;\nvertical-align: top;\nbox-sizing:border-box;\ntext-align:center;\nword-break:break-all;\n}\n.cont_table_type1 tbody tr td{\nheight:40px;\npadding:10px;\nborder-bottom:1px #eeeeee solid;\nborder-right:1px #eeeeee solid;\nbackground:#fff;\nfont-size:12px;\ncolor:#666;\nbox-sizing:border-box;\ntext-align:center;\nword-break:break-all;\n}\n\n.cont_table_type1 tbody tr td:last-child{\n\tborder-right:none;\n}\n\n}\n\n@media screen and (max-width:600px){\n\n.cont_table_type1 thead tr th{font-size:12px;}\n.cont_table_type1 tbody tr td{font-size:12px;}\n.cont_table_type1 caption{font-size:12px; text-align:left;}\n\n}\n\n<\/style>\n\n\n<table class=\"cont_table_type1\">\n  <colgroup>\n    <col style=\"width:20%\">\n    <col style=\"width:16%\">\n    <col style=\"width:16%\">\n    <col style=\"width:16%\">\n    <col style=\"width:16%\">\n    <col style=\"width:16%\">\n  <\/colgroup>\n  <thead>\n    <tr>\n      <th><strong>Normal Size<\/strong><\/th>\n      <th><strong>Color<\/strong><\/th>\n      <th><strong>Thickness<\/strong><br>(mm)<\/th>\n      <th><strong>ADHESION<\/strong><br>(kg\/25mm)<\/th>\n      <th><strong>Layer<\/strong><\/th>\n      <th><strong>Packing<\/strong><\/th>      \n    <\/tr>\n  <\/thead>\n  <tbody>\n    <tr>\n     <td style=\"border-right:1px solid #eeeeee;\">450mmx900mm<\/td>\n     <td rowspan=\"11\">Blue<br>White<br>Grey<br>Green<br>Transparent<\/td>\n     <td rowspan=\"11\">35-50<\/td>\n     <td rowspan=\"11\">150-500<\/td>\n     <td rowspan=\"11\">20-60<\/td>\n     <td rowspan=\"6\">30 layer\/mat<br>10mats\/carton<\/td>\n    <\/tr>\n    <tr>\n     <td style=\"border-right:1px solid #eeeeee;\">600mmx900mm<\/td>\n    <\/tr>\n    <tr>\n     <td style=\"border-right:1px solid #eeeeee;\">600mmx1200mm<\/td>\n    <\/tr>\n    <tr>\n     <td style=\"border-right:1px solid #eeeeee;\">900mmx1200mm<\/td>\n    <\/tr>\n    <tr>\n     <td style=\"border-right:1px solid #eeeeee;\">18\"x36\"<\/td>\n    <\/tr>\n    <tr>\n     <td style=\"border-right:1px solid #eeeeee;\">18\"x45\"<\/td>\n    <\/tr>\n  \t<tr>\n     <td style=\"border-right:1px solid #eeeeee;\">24\"x36\"<\/td>\n     <td rowspan=\"5\">60 layer\/mat<br>4mats\/carton<\/td>\n    <\/tr>\n    <tr>\n     <td style=\"border-right:1px solid #eeeeee;\">26\"x45\"<\/td>\n    <\/tr>\n    <tr>\n     <td style=\"border-right:1px solid #eeeeee;\">36\"x36\"<\/td>\n    <\/tr>\n    <tr>\n     <td style=\"border-right:1px solid #eeeeee;\">36\"x45\"<\/td>\n    <\/tr>\n    <tr>\n     <td style=\"border-right:1px solid #eeeeee;\">36\"x60\"<\/td>\n    <\/tr>\n  <\/tbody>\n  \n<\/table>\n<script type=\"text\/javascript\">\n\n<\/script>\n\n","protected":false},"excerpt":{"rendered":"<p>T\u1ea5m d\u00ednh b\u1ee5i (Sticky Mat) \u0111\u00e3 qua x\u1eed l\u00fd gia c\u00f4ng \u0111\u1eb7c bi\u1ec7t n\u00e0y \u0111\u00e3 \u0111\u01b0\u1ee3c ch\u1ebf t\u1ea1o \u0111\u1ec3 lo\u1ea1i b\u1ecf \u0111\u01b0\u1ee3c c\u00e1c ch\u1ea5t g\u00e2y \u00f4 nhi\u1ec5m v\u00e0 b\u1ee5i b\u1ea9n c\u1ee7a \u0111\u1ebf gi\u00e0y d\u00e9p m\u1ed9t c\u00e1ch hi\u1ec7u qu\u1ea3 nh\u1ea5t. Do c\u00f3 kh\u1ea3 n\u0103ng d\u00ednh r\u1ea5t t\u1ed1t n\u00ean c\u00f3 th\u1ec3 gi\u00fap lo\u1ea1i b\u1ecf \u0111\u01b0\u1ee3c vi khu\u1ea9n [&hellip;]<\/p>\n","protected":false},"author":1,"featured_media":0,"parent":0,"menu_order":0,"comment_status":"closed","ping_status":"closed","template":"","meta":{"footnotes":""},"_links":{"self":[{"href":"http:\/\/kbadhesives.com\/vie\/wp-json\/wp\/v2\/pages\/265"}],"collection":[{"href":"http:\/\/kbadhesives.com\/vie\/wp-json\/wp\/v2\/pages"}],"about":[{"href":"http:\/\/kbadhesives.com\/vie\/wp-json\/wp\/v2\/types\/page"}],"author":[{"embeddable":true,"href":"http:\/\/kbadhesives.com\/vie\/wp-json\/wp\/v2\/users\/1"}],"replies":[{"embeddable":true,"href":"http:\/\/kbadhesives.com\/vie\/wp-json\/wp\/v2\/comments?post=265"}],"version-history":[{"count":0,"href":"http:\/\/kbadhesives.com\/vie\/wp-json\/wp\/v2\/pages\/265\/revisions"}],"wp:attachment":[{"href":"http:\/\/kbadhesives.com\/vie\/wp-json\/wp\/v2\/media?parent=265"}],"curies":[{"name":"wp","href":"https:\/\/api.w.org\/{rel}","templated":true}]}}