{"id":261,"date":"2015-12-14T15:31:25","date_gmt":"2015-12-14T06:31:25","guid":{"rendered":"http:\/\/ecplaza11.bbsetheme.com\/jap\/?page_id=261"},"modified":"2015-12-14T15:31:25","modified_gmt":"2015-12-14T06:31:25","slug":"bang-keo-lam-sach","status":"publish","type":"page","link":"http:\/\/kbadhesives.com\/vie\/bang-keo-lam-sach\/","title":{"rendered":"B\u0103ng keo trang tr\u00ed"},"content":{"rendered":"<p><!-- Document Start --><\/p>\n<p>L\u00e0 lo\u1ea1i b\u0103ng keo m\u1ed9t m\u1eb7t \u0111\u01b0\u1ee3c s\u1ea3n xu\u1ea5t b\u1eb1ng c\u00e1ch s\u1eed d\u1ee5ng ch\u1ea5t li\u1ec7u gi\u1ea5y l\u00e0m s\u1ea1ch v\u00e0 ph\u1ee7 l\u1edbp keo d\u00ednh acrylic \u1edf b\u00ean ngo\u00e0i. S\u1eed d\u1ee5ng v\u00e0o c\u00e1c c\u00f4ng vi\u1ec7c nh\u01b0 s\u01a1n m\u00e0u sau khi \u00e9p xong, gia c\u00f4ng s\u1ea3n ph\u1ea9m th\u1ee7y tinh, s\u01a1n s\u1ea3n ph\u1ea9m \u0111i\u1ec7n t\u1eed&#8230;.<\/p>\n<p>&nbsp;<\/p>\n\n<style type=\"text\/css\" scoped=\"scoped\">\n\n<\/style>\n\ufeff<style type=\"text\/css\">\n\n.type3{margin:0 !important;padding:0;list-style:none;}\n.type3:after{display:block;content:\"\";clear:both;}\n\t.type3 li{float:left;margin-right:2.333%;margin-bottom:20px;width:23%;box-sizing:border-box;}\n\t.type3 li:nth-child(4){margin-right:0;}\n\t\t.type3 li img{width:100%;height:auto;}\n\t\n\n@media screen and (max-width:600px){\n\t\t.type3 li{margin-right:4%;margin-bottom:20px;width:48%;}\t\n\t\t.type3 li:nth-child(even){margin-right:0;}\n}\n\n<\/style>\n<ul class=\"type3\">\n\t<li><img decoding=\"async\" src=\"\/wp-content\/uploads\/2016\/02\/i20.jpg\" alt=\"\uc640\uc2dc\ud14c\uc774\ud5041\"><\/li>\n   \t<li><img decoding=\"async\" src=\"\/wp-content\/uploads\/2016\/02\/i21.jpg\" alt=\"\uc640\uc2dc\ud14c\uc774\ud5042\"><\/li>\n  \t<li><\/li>\n   \t<li><\/li>\n<\/ul>\n<script type=\"text\/javascript\">\n\n<\/script>\n\n<p>&nbsp;<\/p>\n\n<style type=\"text\/css\" scoped=\"scoped\">\n\n<\/style>\n\ufeff<style type=\"text\/css\">\n\n.cont_table_type4{\nmargin:0;\npadding:0;\nwidth:100%;\nborder-spacing:0;\nborder-top:2px solid #e38048;\n}\n.cont_table_type4 tbody tr th{\nheight:30px;\npadding:10px;\nborder-bottom:1px solid #e9e9e9;\nborder-right:1px solid #e9e9e9;\nbackground:#fdfdfd;\nfont-size:14px;\ncolor:#666;\nbox-sizing:border-box;\ntext-align:center;\nword-break:break-all;\n}\n.cont_table_type4 tbody tr td{\nheight:30px;\npadding:10px;\nborder-bottom:1px solid #e9e9e9;\nbackground:#fff;\nfont-size:14px;\ncolor:#666;\nbox-sizing:border-box;\ntext-align:center;\nword-break:break-all;\n}\n\n@media screen and (max-width:600px){\n\n.cont_table_type4 thead tr th{font-size:12px;}\n.cont_table_type4 tbody tr td{font-size:12px;}\n\n}\n\n<\/style>\n\n<table class=\"cont_table_type4\">\n\t<colgroup>\n    \t<col style=\"width:50%\">\n        <col style=\"width:50%\">\n    <\/colgroup>\n  <tbody>\n    <tr>\n      <th scope=\"row\"><strong>Backing<\/strong><\/th>\n      <td>Washi<\/td>\n    <\/tr>\n    <tr>\n      <th scope=\"row\"><strong>Backing thickness(mm)<\/strong><\/th>\n      <td>0.065<\/td>\n    <\/tr>\n    <tr>\n      <th scope=\"row\"><strong>Carrier weight(g\/m2)<\/strong><\/th>\n      <td>52<\/td>\n    <\/tr>\n    <tr>\n      <th scope=\"row\"><strong>Total thickness(mm)<\/strong><\/th>\n      <td>0.090<\/td>\n    <\/tr>\n    <tr>\n      <th scope=\"row\"><strong>Adhesion power(N\/25mm)<\/strong><\/th>\n      <td>3.5<\/td>\n    <\/tr>\n    <tr>\n      <th scope=\"row\"><strong>Rewinding force(mm)<\/strong><\/th>\n      <td>6.56<\/td>\n    <\/tr>\n    <tr>\n      <th scope=\"row\"><strong>Tensile strenth(N\/25mm)<\/strong><\/th>\n      <td>75.0<\/td>\n    <\/tr>\n    <tr>\n      <th scope=\"row\"><strong>Elongation(%)<\/strong><\/th>\n      <td>7<\/td>\n    <\/tr>\n    <tr>\n      <th scope=\"row\"><strong>Shelf Life<\/strong><\/th>\n      <td>6months<\/td>\n    <\/tr>\n  <\/tbody>\n<\/table>\n<script type=\"text\/javascript\">\n\n<\/script>\n\n","protected":false},"excerpt":{"rendered":"<p>L\u00e0 lo\u1ea1i b\u0103ng keo m\u1ed9t m\u1eb7t \u0111\u01b0\u1ee3c s\u1ea3n xu\u1ea5t b\u1eb1ng c\u00e1ch s\u1eed d\u1ee5ng ch\u1ea5t li\u1ec7u gi\u1ea5y l\u00e0m s\u1ea1ch v\u00e0 ph\u1ee7 l\u1edbp keo d\u00ednh acrylic \u1edf b\u00ean ngo\u00e0i. S\u1eed d\u1ee5ng v\u00e0o c\u00e1c c\u00f4ng vi\u1ec7c nh\u01b0 s\u01a1n m\u00e0u sau khi \u00e9p xong, gia c\u00f4ng s\u1ea3n ph\u1ea9m th\u1ee7y tinh, s\u01a1n s\u1ea3n ph\u1ea9m \u0111i\u1ec7n t\u1eed&#8230;. &nbsp; &nbsp;<\/p>\n","protected":false},"author":1,"featured_media":0,"parent":0,"menu_order":0,"comment_status":"closed","ping_status":"closed","template":"","meta":{"footnotes":""},"_links":{"self":[{"href":"http:\/\/kbadhesives.com\/vie\/wp-json\/wp\/v2\/pages\/261"}],"collection":[{"href":"http:\/\/kbadhesives.com\/vie\/wp-json\/wp\/v2\/pages"}],"about":[{"href":"http:\/\/kbadhesives.com\/vie\/wp-json\/wp\/v2\/types\/page"}],"author":[{"embeddable":true,"href":"http:\/\/kbadhesives.com\/vie\/wp-json\/wp\/v2\/users\/1"}],"replies":[{"embeddable":true,"href":"http:\/\/kbadhesives.com\/vie\/wp-json\/wp\/v2\/comments?post=261"}],"version-history":[{"count":0,"href":"http:\/\/kbadhesives.com\/vie\/wp-json\/wp\/v2\/pages\/261\/revisions"}],"wp:attachment":[{"href":"http:\/\/kbadhesives.com\/vie\/wp-json\/wp\/v2\/media?parent=261"}],"curies":[{"name":"wp","href":"https:\/\/api.w.org\/{rel}","templated":true}]}}