{"id":256,"date":"2015-12-14T15:30:12","date_gmt":"2015-12-14T06:30:12","guid":{"rendered":"http:\/\/ecplaza11.bbsetheme.com\/jap\/?page_id=256"},"modified":"2015-12-14T15:30:12","modified_gmt":"2015-12-14T06:30:12","slug":"van-bang-bao-ho-so-huu-cong-nghiep-chung-nhan","status":"publish","type":"page","link":"http:\/\/kbadhesives.com\/vie\/van-bang-bao-ho-so-huu-cong-nghiep-chung-nhan\/","title":{"rendered":"V\u0103n b\u1eb1ng, ch\u1ee9ng nh\u1eadn ch\u1ea5t l\u01b0\u1ee3ng s\u1ea3n ph\u1ea9m"},"content":{"rendered":"<div id=\"pl-256\"  class=\"panel-layout\" ><div id=\"pg-256-0\"  class=\"panel-grid panel-no-style\" ><div id=\"pgc-256-0-0\"  class=\"panel-grid-cell\" ><div id=\"panel-256-0-0-0\" class=\"so-panel widget widget_sow-image panel-first-child panel-last-child\" data-index=\"0\" ><div\n\t\t\t\n\t\t\tclass=\"so-widget-sow-image so-widget-sow-image-default-8b5b6f678277-256\"\n\t\t\t\n\t\t>\n<div class=\"sow-image-container\">\n\t\t<img \n\tsrc=\"http:\/\/kbadhesives.com\/vie\/wp-content\/uploads\/sites\/3\/2015\/12\/certification_1.jpg\" width=\"213\" height=\"305\" srcset=\"http:\/\/kbadhesives.com\/vie\/wp-content\/uploads\/sites\/3\/2015\/12\/certification_1.jpg 213w, http:\/\/kbadhesives.com\/vie\/wp-content\/uploads\/sites\/3\/2015\/12\/certification_1-210x300.jpg 210w\" sizes=\"(max-width: 213px) 100vw, 213px\" alt=\"certification_1\" \t\tclass=\"so-widget-image\"\/>\n\t<\/div>\n\n<\/div><\/div><\/div><div id=\"pgc-256-0-1\"  class=\"panel-grid-cell\" ><div id=\"panel-256-0-1-0\" class=\"so-panel widget widget_sow-image panel-first-child panel-last-child\" data-index=\"1\" ><div\n\t\t\t\n\t\t\tclass=\"so-widget-sow-image so-widget-sow-image-default-8b5b6f678277-256\"\n\t\t\t\n\t\t>\n<div class=\"sow-image-container\">\n\t\t<img \n\tsrc=\"http:\/\/kbadhesives.com\/vie\/wp-content\/uploads\/sites\/3\/2015\/12\/certification_2.jpg\" width=\"213\" height=\"305\" srcset=\"http:\/\/kbadhesives.com\/vie\/wp-content\/uploads\/sites\/3\/2015\/12\/certification_2.jpg 213w, http:\/\/kbadhesives.com\/vie\/wp-content\/uploads\/sites\/3\/2015\/12\/certification_2-210x300.jpg 210w\" sizes=\"(max-width: 213px) 100vw, 213px\" alt=\"certification_2\" \t\tclass=\"so-widget-image\"\/>\n\t<\/div>\n\n<\/div><\/div><\/div><div id=\"pgc-256-0-2\"  class=\"panel-grid-cell\" ><div id=\"panel-256-0-2-0\" class=\"so-panel widget widget_sow-image panel-first-child panel-last-child\" data-index=\"2\" ><div\n\t\t\t\n\t\t\tclass=\"so-widget-sow-image so-widget-sow-image-default-8b5b6f678277-256\"\n\t\t\t\n\t\t>\n<div class=\"sow-image-container\">\n\t\t<img \n\tsrc=\"http:\/\/kbadhesives.com\/vie\/wp-content\/uploads\/sites\/3\/2015\/12\/certification_3.jpg\" width=\"213\" height=\"305\" srcset=\"http:\/\/kbadhesives.com\/vie\/wp-content\/uploads\/sites\/3\/2015\/12\/certification_3.jpg 213w, http:\/\/kbadhesives.com\/vie\/wp-content\/uploads\/sites\/3\/2015\/12\/certification_3-210x300.jpg 210w\" sizes=\"(max-width: 213px) 100vw, 213px\" alt=\"certification_3\" \t\tclass=\"so-widget-image\"\/>\n\t<\/div>\n\n<\/div><\/div><\/div><div id=\"pgc-256-0-3\"  class=\"panel-grid-cell\" ><div id=\"panel-256-0-3-0\" class=\"so-panel widget widget_sow-image panel-first-child panel-last-child\" data-index=\"3\" ><div\n\t\t\t\n\t\t\tclass=\"so-widget-sow-image so-widget-sow-image-default-8b5b6f678277-256\"\n\t\t\t\n\t\t>\n<div class=\"sow-image-container\">\n\t\t<img \n\tsrc=\"http:\/\/kbadhesives.com\/vie\/wp-content\/uploads\/sites\/3\/2015\/12\/certification_4.jpg\" width=\"213\" height=\"305\" srcset=\"http:\/\/kbadhesives.com\/vie\/wp-content\/uploads\/sites\/3\/2015\/12\/certification_4.jpg 213w, http:\/\/kbadhesives.com\/vie\/wp-content\/uploads\/sites\/3\/2015\/12\/certification_4-210x300.jpg 210w\" sizes=\"(max-width: 213px) 100vw, 213px\" alt=\"certification_4\" \t\tclass=\"so-widget-image\"\/>\n\t<\/div>\n\n<\/div><\/div><\/div><\/div><div id=\"pg-256-1\"  class=\"panel-grid panel-no-style\" ><div id=\"pgc-256-1-0\"  class=\"panel-grid-cell\" ><div id=\"panel-256-1-0-0\" class=\"so-panel widget widget_sow-editor panel-first-child panel-last-child\" data-index=\"4\" ><div\n\t\t\t\n\t\t\tclass=\"so-widget-sow-editor so-widget-sow-editor-base\"\n\t\t\t\n\t\t>\n<div class=\"siteorigin-widget-tinymce textwidget\">\n\t<p><strong>K\u1ec3 t\u1eeb sau khi \u0111\u01b0\u1ee3c th\u00e0nh l\u1eadp v\u00e0o n\u0103m 1998, C\u00f4ng ty\u00a0TNHH\u00a0KB Adhesives \u0111\u00e3 tr\u1edf th\u00e0nh m\u1ed9t doanh nghi\u1ec7p chuy\u00ean s\u1ea3n xu\u1ea5t b\u0103ng keo v\u00e0 xu\u1ea5t kh\u1ea9<\/strong><\/p>\n<\/div>\n<\/div><\/div><\/div><\/div><div id=\"pg-256-2\"  class=\"panel-grid panel-no-style\" ><div id=\"pgc-256-2-0\"  class=\"panel-grid-cell\" ><div id=\"panel-256-2-0-0\" class=\"so-panel widget widget_sow-editor panel-first-child panel-last-child\" data-index=\"5\" ><div\n\t\t\t\n\t\t\tclass=\"so-widget-sow-editor so-widget-sow-editor-base\"\n\t\t\t\n\t\t>\n<div class=\"siteorigin-widget-tinymce textwidget\">\n\t<p>V\u00e0o n\u0103m 2007, c\u00f4ng ty ch\u00fang t\u00f4i \u0111\u00e3 th\u00e0nh l\u1eadp nh\u00e0 m\u00e1y \u1edf huy\u1ec7n Cheongyang, t\u1ec9nh Chungcheongnam, v\u00e0 \u0111\u1ec3 hi\u1ec7n th\u1ef1c h\u00f3a 's\u1ef1 ho\u00e0n h\u1ea3o' v\u1ec1 c\u00f4ng ngh\u1ec7 v\u00e0 s\u1ea3n ph\u1ea9m, ch\u00fang t\u00f4i \u0111\u00e3 c\u00f3 \u0111\u1ed9i ng\u0169 chuy\u00ean gia v\u1ec1 b\u0103ng keo c\u00f9ng c\u00e1c trang thi\u1ebft b\u1ecb m\u00e1y m\u00f3c hi\u1ec7n \u0111\u1ea1i. D\u1ef1a tr\u00ean n\u1ec1n t\u1ea3ng n\u00e0y, ch\u00fang t\u00f4i \u0111\u00e3 duy tr\u00ec \u0111\u01b0\u1ee3c n\u0103ng l\u1ef1c k\u1ef9 thu\u1eadt cao v\u00e0 ch\u1ea5t l\u01b0\u1ee3ng s\u1ea3n ph\u1ea9m t\u1ed1t. \u0110\u1ed3ng th\u1eddi, v\u1edbi l\u00f2ng nhi\u1ec7t huy\u1ebft kh\u00f4ng bi\u1ebft m\u1ec7t m\u1ecfi, ch\u00fang t\u00f4i \u0111\u00e3 s\u1ea3n xu\u1ea5t ra h\u01a1n 20 ch\u1ee7ng lo\u1ea1i b\u0103ng d\u00ednh \u0111\u01b0\u1ee3c \u1ee9ng d\u1ee5ng tr\u00ean nhi\u1ec1u l\u0129nh v\u1ef1c c\u00f4ng nghi\u1ec7p \u0111a d\u1ea1ng trong \u0111\u00f3 c\u00f3 \u0111i\u1ec7n, \u0111i\u1ec7n t\u1eed, \u00f4 t\u00f4, \u0111\u1ed3 d\u00f9ng v\u0103n ph\u00f2ng ph\u1ea9m. Ngay c\u1ea3 b\u00e2y gi\u1edd, C\u00f4ng ty KB Adhesives v\u1eabn \u0111ang ti\u1ebfp t\u1ee5c \u0111\u1ea7u t\u01b0 v\u00e0o nghi\u00ean c\u1ee9u v\u00e0 ph\u00e1t tri\u1ec3n \u0111\u1ec3 c\u00f3 \u0111\u01b0\u1ee3c n\u0103ng l\u1ef1c k\u1ef9 thu\u1eadt cao h\u01a1n n\u1eefa c\u00f9ng c\u00e1c s\u1ea3n ph\u1ea9m m\u1edbi. Ngo\u00e0i ra, ch\u00fang t\u00f4i hi\u1ec7n \u0111ang s\u1ea3n xu\u1ea5t ra c\u00e1c s\u1ea3n ph\u1ea9m kh\u00f4ng ch\u1ec9 c\u00e2n nh\u1eafc \u0111\u1ebfn y\u1ebfu t\u1ed1 t\u00ednh n\u0103ng c\u1ee7a b\u0103ng keo m\u00e0 c\u00f2n xem x\u00e9t \u0111\u1ebfn c\u1ea3 c\u00e1c \u0111i\u1ec1u ki\u1ec7n v\u1ec1 m\u00f4i tr\u01b0\u1eddng.<\/p>\n<p>Hi\u1ec7n nay, C\u00f4ng ty KB Adhesives \u0111ang xu\u1ea5t kh\u1ea9u h\u00e0ng cho kho\u1ea3ng h\u01a1n 100 c\u00f4ng ty \u1edf 27 n\u01b0\u1edbc, v\u00e0 \u0111\u00e3 chi\u1ebfm l\u0129nh \u0111\u01b0\u1ee3c v\u1ecb th\u1ebf l\u00e0 m\u1ed9t doanh nghi\u1ec7p chuy\u00ean m\u00f4n v\u1ec1 b\u0103ng keo \u0111\u01b0\u1ee3c c\u00f4ng nh\u1eadn v\u1ec1 t\u00ednh n\u0103ng c\u1ee7a s\u1ea3n ph\u1ea9m c\u0169ng nh\u01b0 d\u1ecbch v\u1ee5 kh\u00e1ch h\u00e0ng. \u0110\u1ec3 ph\u00e1t tri\u1ec3n h\u01a1n n\u1eefa, ch\u00fang t\u00f4i \u0111ang c\u1ed1 g\u1eafng n\u1ed7 l\u1ef1c h\u1ebft s\u1ee9c trong c\u00e1c d\u1ecbch v\u1ee5 ch\u0103m s\u00f3c kh\u00e1ch h\u00e0ng v\u00e0 \u0111\u00e2y c\u0169ng l\u00e0 m\u1ed9t trong nh\u1eefng ph\u01b0\u01a1ng ch\u00e2m tr\u1ecdng y\u1ebfu nh\u1ea5t c\u1ee7a c\u00f4ng ty ch\u00fang t\u00f4i. C\u00f4ng ty\u00a0TNHH KB Adhesives s\u1ebd lu\u00f4n b\u1ea3o \u0111\u1ea3m mang \u0111\u1ebfn ch\u1ea5t l\u01b0\u1ee3ng s\u1ea3n ph\u1ea9m t\u1ed1t nh\u1ea5t v\u00e0 s\u1ef1 h\u00e0i l\u00f2ng cho Qu\u00fd kh\u00e1ch hang \u0111\u1ec3 kh\u00f4ng ng\u1eebng ph\u00e1t tri\u1ec3n l\u1edbn m\u1ea1nh trong t\u01b0\u01a1ng lai.<\/p>\n<\/div>\n<\/div><\/div><\/div><\/div><\/div>","protected":false},"excerpt":{"rendered":"<p>K\u1ec3 t\u1eeb sau khi \u0111\u01b0\u1ee3c th\u00e0nh l\u1eadp v\u00e0o n\u0103m 1998, C\u00f4ng ty\u00a0TNHH\u00a0KB Adhesives \u0111\u00e3 tr\u1edf th\u00e0nh m\u1ed9t doanh nghi\u1ec7p chuy\u00ean s\u1ea3n xu\u1ea5t b\u0103ng keo v\u00e0 xu\u1ea5t kh\u1ea9<\/p>\n","protected":false},"author":1,"featured_media":0,"parent":0,"menu_order":0,"comment_status":"closed","ping_status":"closed","template":"","meta":{"footnotes":""},"_links":{"self":[{"href":"http:\/\/kbadhesives.com\/vie\/wp-json\/wp\/v2\/pages\/256"}],"collection":[{"href":"http:\/\/kbadhesives.com\/vie\/wp-json\/wp\/v2\/pages"}],"about":[{"href":"http:\/\/kbadhesives.com\/vie\/wp-json\/wp\/v2\/types\/page"}],"author":[{"embeddable":true,"href":"http:\/\/kbadhesives.com\/vie\/wp-json\/wp\/v2\/users\/1"}],"replies":[{"embeddable":true,"href":"http:\/\/kbadhesives.com\/vie\/wp-json\/wp\/v2\/comments?post=256"}],"version-history":[{"count":0,"href":"http:\/\/kbadhesives.com\/vie\/wp-json\/wp\/v2\/pages\/256\/revisions"}],"wp:attachment":[{"href":"http:\/\/kbadhesives.com\/vie\/wp-json\/wp\/v2\/media?parent=256"}],"curies":[{"name":"wp","href":"https:\/\/api.w.org\/{rel}","templated":true}]}}