{"id":252,"date":"2015-12-14T15:29:58","date_gmt":"2015-12-14T06:29:58","guid":{"rendered":"http:\/\/ecplaza11.bbsetheme.com\/jap\/?page_id=252"},"modified":"2015-12-14T15:29:58","modified_gmt":"2015-12-14T06:29:58","slug":"loi-chao-cua-tong-giam-doc","status":"publish","type":"page","link":"http:\/\/kbadhesives.com\/vie\/loi-chao-cua-tong-giam-doc\/","title":{"rendered":"Gi\u1edbi thi\u1ec7u"},"content":{"rendered":"<div id=\"pl-252\"  class=\"panel-layout\" ><div id=\"pg-252-0\"  class=\"panel-grid panel-no-style\" ><div id=\"pgc-252-0-0\"  class=\"panel-grid-cell\" ><div id=\"panel-252-0-0-0\" class=\"so-panel widget widget_sow-image panel-first-child panel-last-child\" data-index=\"0\" ><div\n\t\t\t\n\t\t\tclass=\"so-widget-sow-image so-widget-sow-image-default-8b5b6f678277-252\"\n\t\t\t\n\t\t>\n<div class=\"sow-image-container\">\n\t\t<img \n\tsrc=\"http:\/\/kbadhesives.com\/vie\/wp-content\/uploads\/sites\/3\/2015\/12\/CEO_Greetings.jpg\" width=\"930\" height=\"247\" srcset=\"http:\/\/kbadhesives.com\/vie\/wp-content\/uploads\/sites\/3\/2015\/12\/CEO_Greetings.jpg 930w, http:\/\/kbadhesives.com\/vie\/wp-content\/uploads\/sites\/3\/2015\/12\/CEO_Greetings-300x80.jpg 300w, http:\/\/kbadhesives.com\/vie\/wp-content\/uploads\/sites\/3\/2015\/12\/CEO_Greetings-768x204.jpg 768w\" sizes=\"(max-width: 930px) 100vw, 930px\" alt=\"CEO_Greetings\" \t\tclass=\"so-widget-image\"\/>\n\t<\/div>\n\n<\/div><\/div><\/div><\/div><div id=\"pg-252-1\"  class=\"panel-grid panel-no-style\" ><div id=\"pgc-252-1-0\"  class=\"panel-grid-cell\" ><div id=\"panel-252-1-0-0\" class=\"so-panel widget widget_sow-editor panel-first-child\" data-index=\"1\" ><div\n\t\t\t\n\t\t\tclass=\"so-widget-sow-editor so-widget-sow-editor-base\"\n\t\t\t\n\t\t>\n<div class=\"siteorigin-widget-tinymce textwidget\">\n\t<p><strong>K\u1ec3 t\u1eeb sau khi \u0111\u01b0\u1ee3c th\u00e0nh l\u1eadp v\u00e0o n\u0103m 1998, C\u00f4ng ty c\u1ed5 ph\u1ea7n KB Adhesives \u0111ang cho th\u1ea5y xu th\u1ebf t\u0103ng tr\u01b0\u1edfng \u0111\u1ec1u \u0111\u1eb7n, v\u00e0 hi\u1ec7n nay \u0111ang xu\u1ea5t kh\u1ea9u h\u01a1n 20 lo\u1ea1i b\u0103ng d\u00ednh ra to\u00e0n th\u1ebf gi\u1edbi.<\/strong><\/p>\n<\/div>\n<\/div><\/div><div id=\"panel-252-1-0-1\" class=\"so-panel widget widget_sow-editor panel-last-child\" data-index=\"2\" ><div\n\t\t\t\n\t\t\tclass=\"so-widget-sow-editor so-widget-sow-editor-base\"\n\t\t\t\n\t\t>\n<div class=\"siteorigin-widget-tinymce textwidget\">\n\t<h4>\u00a0\u00a0 Th\u00e0nh l\u1eadp c\u00f4ng ty v\u00e0o th\u00e1ng 4 n\u0103m 1998, ch\u00fang t\u00f4i \u0111\u1eb7t n\u0103ng l\u1ef1c c\u00f4ng ngh\u1ec7 k\u1ef9 thu\u1eadt \u0111\u1ed1i v\u1edbi s\u1ea3n ph\u1ea9m v\u00e0 d\u1ecbch v\u1ee5 d\u00e0nh cho kh\u00e1ch h\u00e0ng l\u00e0m gi\u00e1 tr\u1ecb h\u00e0ng \u0111\u1ea7u c\u1ee7a c\u00f4ng ty, v\u00e0 hi\u1ec7n nay \u0111ang cung c\u1ea5p c\u00e1c lo\u1ea1i b\u0103ng d\u00ednh cho to\u00e0n th\u1ebf gi\u1edbi. D\u1ef1a tr\u00ean n\u1ec1n t\u1ea3ng kinh nghi\u1ec7m xu\u1ea5t kh\u1ea9u v\u00e0 kinh doanh t\u1ea1i n\u01b0\u1edbc ngo\u00e0i trong kho\u1ea3ng h\u01a1n 30 n\u0103m, ch\u00fang t\u00f4i \u0111\u00e3 x\u00e2y d\u1ef1ng \u0111\u01b0\u1ee3c m\u1ea1ng l\u01b0\u1edbi kinh doanh qu\u1ed1c t\u1ebf v\u1eefng ch\u1eafc tr\u1ea3i r\u1ed9ng kh\u1eafp 27 n\u01b0\u1edbc. To\u00e0n th\u1ec3 nh\u00e2n vi\u00ean c\u1ee7a C\u00f4ng ty c\u1ed5 ph\u1ea7n KB Adhesives lu\u00f4n mang trong m\u00ecnh l\u00f2ng nhi\u1ec7t th\u00e0nh v\u00e0 tri th\u1ee9c v\u1ec1 b\u0103ng keo d\u1ef1a tr\u00ean n\u1ec1n t\u1ea3ng n\u0103ng l\u1ef1c k\u1ef9 thu\u1eadt cao v\u00e0 kinh nghi\u1ec7m l\u00e2u n\u0103m, v\u00e0 s\u1ebd \u0111\u00e1p \u1ee9ng \u0111\u01b0\u1ee3c m\u1ecdi y\u00eau c\u1ea7u c\u1ee7a c\u00e1c Qu\u00fd kh\u00e1ch h\u00e0ng \u1edf b\u1ea5t k\u1ef3 n\u01a1i \u0111\u00e2u v\u00e0 b\u1ea5t c\u1ee9 khi n\u00e0o<\/h4>\n<\/div>\n<\/div><\/div><\/div><\/div><\/div>","protected":false},"excerpt":{"rendered":"<p>K\u1ec3 t\u1eeb sau khi \u0111\u01b0\u1ee3c th\u00e0nh l\u1eadp v\u00e0o n\u0103m 1998, C\u00f4ng ty c\u1ed5 ph\u1ea7n KB Adhesives \u0111ang cho th\u1ea5y xu th\u1ebf t\u0103ng tr\u01b0\u1edfng \u0111\u1ec1u \u0111\u1eb7n, v\u00e0 hi\u1ec7n nay \u0111ang xu\u1ea5t kh\u1ea9u h\u01a1n 20 lo\u1ea1i b\u0103ng d\u00ednh ra to\u00e0n th\u1ebf gi\u1edbi. \u00a0\u00a0 Th\u00e0nh l\u1eadp c\u00f4ng ty v\u00e0o th\u00e1ng 4 n\u0103m 1998, ch\u00fang t\u00f4i \u0111\u1eb7t n\u0103ng l\u1ef1c [&hellip;]<\/p>\n","protected":false},"author":1,"featured_media":0,"parent":0,"menu_order":0,"comment_status":"closed","ping_status":"closed","template":"","meta":{"footnotes":""},"_links":{"self":[{"href":"http:\/\/kbadhesives.com\/vie\/wp-json\/wp\/v2\/pages\/252"}],"collection":[{"href":"http:\/\/kbadhesives.com\/vie\/wp-json\/wp\/v2\/pages"}],"about":[{"href":"http:\/\/kbadhesives.com\/vie\/wp-json\/wp\/v2\/types\/page"}],"author":[{"embeddable":true,"href":"http:\/\/kbadhesives.com\/vie\/wp-json\/wp\/v2\/users\/1"}],"replies":[{"embeddable":true,"href":"http:\/\/kbadhesives.com\/vie\/wp-json\/wp\/v2\/comments?post=252"}],"version-history":[{"count":0,"href":"http:\/\/kbadhesives.com\/vie\/wp-json\/wp\/v2\/pages\/252\/revisions"}],"wp:attachment":[{"href":"http:\/\/kbadhesives.com\/vie\/wp-json\/wp\/v2\/media?parent=252"}],"curies":[{"name":"wp","href":"https:\/\/api.w.org\/{rel}","templated":true}]}}